{"id":246,"date":"2025-05-16T14:09:28","date_gmt":"2025-05-16T14:09:28","guid":{"rendered":"https:\/\/en.medias-klinikum.de\/startseite\/"},"modified":"2025-05-21T00:59:27","modified_gmt":"2025-05-21T00:59:27","slug":"startseite","status":"publish","type":"page","link":"https:\/\/medias.clinic\/de\/","title":{"rendered":"Startseite"},"content":{"rendered":"<p>[et_pb_section fb_built=&#8220;1&#8243; use_custom_gutter=&#8220;on&#8220; gutter_width=&#8220;1&#8243; specialty=&#8220;on&#8220; padding_right_1=&#8220;20px&#8220; padding_right_2=&#8220;20px&#8220; padding_left_1=&#8220;20px&#8220; padding_left_2=&#8220;20px&#8220; padding_top_bottom_link_1=&#8220;false&#8220; padding_top_bottom_link_2=&#8220;false&#8220; padding_left_right_link_1=&#8220;true&#8220; padding_left_right_link_2=&#8220;true&#8220; module_class_1=&#8220;second-on-mobile&#8220; module_class_2=&#8220;first-on-mobile&#8220; module_class=&#8220;custom_row_order&#8220; _builder_version=&#8220;4.27.4&#8243; _module_preset=&#8220;default&#8220; inner_width=&#8220;100%&#8220; inner_max_width=&#8220;1200px&#8220; global_colors_info=&#8220;{}&#8220;][et_pb_column type=&#8220;1_4&#8243; _builder_version=&#8220;4.16&#8243; custom_padding=&#8220;|||&#8220; global_colors_info=&#8220;{}&#8220; custom_padding__hover=&#8220;|||&#8220;][et_pb_code _builder_version=&#8220;4.27.4&#8243; _module_preset=&#8220;default&#8220; custom_margin=&#8220;||20px||false|false&#8220; global_colors_info=&#8220;{}&#8220;]<!-- Embed CSS --><!-- [et_pb_line_break_holder] --><link href=\"https:\/\/portal.prax.reviews\/assets\/externalassets\/main.css\" rel=\"stylesheet\"><!-- Embed JS --><!-- [et_pb_line_break_holder] --><script src=\"https:\/\/use.fontawesome.com\/788abcf0e6.js\"><\/script> <!-- [et_pb_line_break_holder] --><script src=\"https:\/\/portal.prax.reviews\/assets\/externalassets\/script.js\"><\/script> <!-- Embed HTML --><!-- [et_pb_line_break_holder] --> <!-- Desktop --><!-- [et_pb_line_break_holder] --><!-- [et_pb_line_break_holder] --><\/p>\n<div class=\"certificate ver-1 position\"><!-- [et_pb_line_break_holder] -->    <a href=\"https:\/\/portal.prax.reviews\/Onkologen-Burghausen-MediasKlinikumGmbHCoKG\" target=\"_blank\"><img decoding=\"async\" src=\"https:\/\/portal.prax.reviews\/assets\/externalassets\/images\/pr_seal_header_145x38.svg\" class=\"ceri-head\" alt=\"Bild\"><\/a><!-- [et_pb_line_break_holder] -->    <\/p>\n<div class=\"cer-body\"><!-- [et_pb_line_break_holder] -->        <\/p>\n<h5 id=\"MyRateo1mwX9z7Hvo=\">4.8<\/h5>\n<p><!-- [et_pb_line_break_holder] --><!-- [et_pb_line_break_holder] -->        <\/p>\n<div class=\"cer-rating\"><!-- [et_pb_line_break_holder] -->            <\/p>\n<div class=\"back-stars\"><!-- [et_pb_line_break_holder] -->                <img decoding=\"async\" src=\"https:\/\/portal.prax.reviews\/assets\/externalassets\/images\/back.png\"><!-- [et_pb_line_break_holder] -->            <\/div>\n<p><!-- [et_pb_line_break_holder] --><!-- [et_pb_line_break_holder] -->            <\/p>\n<div class=\"front-stars\"><!-- [et_pb_line_break_holder] -->                <\/p>\n<div id=\"front\" style=\"width: 98%;\"><!-- [et_pb_line_break_holder] -->                    <img decoding=\"async\" src=\"https:\/\/portal.prax.reviews\/assets\/externalassets\/images\/front.png\"><!-- [et_pb_line_break_holder] -->                <\/div>\n<p><!-- [et_pb_line_break_holder] -->            <\/div>\n<p><!-- [et_pb_line_break_holder] -->        <\/div>\n<p><!-- [et_pb_line_break_holder] --><!-- [et_pb_line_break_holder] -->        <\/p>\n<h6 id=\"Mygradeo1mwX9z7Hvo=\"><!-- [et_pb_line_break_holder] -->  SEHR GUT<!-- [et_pb_line_break_holder] -->        <\/h6>\n<p><!-- [et_pb_line_break_holder] -->    <\/div>\n<p><!-- [et_pb_line_break_holder] --><!-- [et_pb_line_break_holder] -->    <\/p>\n<div class=\"cer-footer\"><!-- [et_pb_line_break_holder] -->        <pee id=\"Myportalso1mwX9z7Hvo=\">85 Bewertungen auf 3 Portalen<\/pee><!-- [et_pb_line_break_holder] -->    <\/div>\n<p><!-- [et_pb_line_break_holder] --><\/div>\n<p><!-- [et_pb_line_break_holder] --><!-- Mobile --><!-- [et_pb_line_break_holder] -->[\/et_pb_code][et_pb_text _builder_version=&#8220;4.27.4&#8243; _module_preset=&#8220;default&#8220; text_text_color=&#8220;#666666&#8243; custom_padding=&#8220;5px||5px||true|false&#8220; global_colors_info=&#8220;{%22gcid-primary-color%22:%91%22link_text_color%22,%22link_text_color%22%93,%22gcid-heading-color%22:%91%22header_text_color%22,%22header_4_text_color%22,%22header_3_text_color%22,%22header_2_text_color%22,%22header_5_text_color%22,%22header_6_text_color%22,%22quote_text_color%22,%22header_text_color%22,%22header_4_text_color%22,%22header_3_text_color%22,%22header_2_text_color%22,%22header_5_text_color%22,%22header_6_text_color%22,%22quote_text_color%22%93,%22gcid-secondary-color%22:%91%22quote_border_color%22,%22quote_border_color%22%93}&#8220;]<\/p>\n<p>Sie haben Fragen oder m\u00f6chten einen Termin vereinbaren? Bitte schreiben Sie uns oder rufen Sie uns einfach an. <\/p>\n<p>[\/et_pb_text][et_pb_image src=&#8220;http:\/\/s694535832.online.de\/wp-content\/uploads\/2025\/05\/divider-3blues.webp&#8220; title_text=&#8220;Teiler-3blues&#8220; show_bottom_space=&#8220;off&#8220; align_tablet=&#8220;center&#8220; align_phone=&#8220;center&#8220; align_last_edited=&#8220;on|tablet&#8220; _builder_version=&#8220;4.27.4&#8243; _module_preset=&#8220;default&#8220; max_width=&#8220;143px&#8220; custom_padding=&#8220;20px||20px||true|false&#8220; border_radii=&#8220;on|0px|0px|0px|0px&#8220; global_module=&#8220;128&#8243; saved_tabs=&#8220;all&#8220; global_colors_info=&#8220;{}&#8220;][\/et_pb_image][et_pb_text _builder_version=&#8220;4.27.4&#8243; _module_preset=&#8220;default&#8220; text_text_color=&#8220;#666666&#8243; custom_padding=&#8220;5px||5px||true|false&#8220; hover_enabled=&#8220;0&#8243; global_colors_info=&#8220;{%22gcid-primary-color%22:%91%22link_text_color%22%93,%22gcid-heading-color%22:%91%22header_text_color%22,%22header_4_text_color%22,%22header_3_text_color%22,%22header_2_text_color%22,%22header_5_text_color%22,%22header_6_text_color%22,%22quote_text_color%22%93,%22gcid-secondary-color%22:%91%22quote_border_color%22%93}&#8220; sticky_enabled=&#8220;0&#8243;]Medias Klinikum GmbH &amp; Co. KG.<br \/>\nKrankenhausstra\u00dfe 3a<br \/>\n84489 Burghausen, Deutschland<br \/>\nTelefon: +49 (0) 8677 \/ 9160 &#8211; 0<br \/>\nFax +49 (0) 8677 \/ 9160 &#8211; 120<br \/>\n<a href=\"mailto:info@medias-klinikum.de\">info@medias-klinikum.de<\/a><br \/>\n<a href=\"www.medias-klinikum.de\">www.medias-klinikum.de<\/a>[\/et_pb_text][et_pb_image src=&#8220;http:\/\/s694535832.online.de\/wp-content\/uploads\/2025\/05\/divider-3blues.webp&#8220; title_text=&#8220;Teiler-3blues&#8220; show_bottom_space=&#8220;off&#8220; align_tablet=&#8220;center&#8220; align_phone=&#8220;center&#8220; align_last_edited=&#8220;on|tablet&#8220; _builder_version=&#8220;4.27.4&#8243; _module_preset=&#8220;default&#8220; max_width=&#8220;143px&#8220; custom_padding=&#8220;20px||20px||true|false&#8220; border_radii=&#8220;on|0px|0px|0px|0px&#8220; global_module=&#8220;128&#8243; saved_tabs=&#8220;all&#8220; global_colors_info=&#8220;{}&#8220;][\/et_pb_image][et_pb_image src=&#8220;http:\/\/s694535832.online.de\/wp-content\/uploads\/2025\/05\/logo-iasios.webp&#8220; title_text=&#8220;logo-iasios&#8220; align=&#8220;center&#8220; _builder_version=&#8220;4.27.4&#8243; _module_preset=&#8220;default&#8220; width=&#8220;220px&#8220; custom_padding=&#8220;10px||10px||true|false&#8220; global_colors_info=&#8220;{}&#8220;][\/et_pb_image][et_pb_image src=&#8220;http:\/\/s694535832.online.de\/wp-content\/uploads\/2025\/05\/logo-healNavigator2.webp&#8220; title_text=&#8220;logo-healNavigator2&#8243; align=&#8220;center&#8220; _builder_version=&#8220;4.27.4&#8243; _module_preset=&#8220;default&#8220; width=&#8220;220px&#8220; custom_padding=&#8220;10px||10px||true|false&#8220; global_colors_info=&#8220;{}&#8220;][\/et_pb_image][et_pb_image src=&#8220;http:\/\/s694535832.online.de\/wp-content\/uploads\/2025\/05\/logo-primo_medico.webp&#8220; title_text=&#8220;logo-primo_medico&#8220; align=&#8220;center&#8220; _builder_version=&#8220;4.27.4&#8243; _module_preset=&#8220;default&#8220; width=&#8220;220px&#8220; custom_padding=&#8220;10px||10px||true|false&#8220; global_colors_info=&#8220;{}&#8220;][\/et_pb_image][et_pb_text _builder_version=&#8220;4.27.4&#8243; _module_preset=&#8220;default&#8220; text_text_color=&#8220;#666666&#8243; text_orientation=&#8220;center&#8220; custom_padding=&#8220;5px||5px||true|false&#8220; global_colors_info=&#8220;{}&#8220;]<\/p>\n<p><span>Onkologie<\/span><br \/><a title=\"Krebstherapie Burghausen (Bayern) - Prof. Dr. med. Karl R. Aigner Karl R. Aigner\" href=\"https:\/\/www.primomedico.com\/de\/spezialist\/prof-aigner-krebstherapie-burghausen\/\" target=\"_blank\" rel=\"noopener\">DE<\/a><span> <\/span><a title=\"Krebstherapie Burghausen (Bayern) - Prof. Dr. Karl R. Aigner\" href=\"https:\/\/www.primomedico.com\/en\/doctor\/prof-aigner-oncology-burghausen\/\" target=\"_blank\" rel=\"noopener\">EN<\/a><span> <\/span><a title=\"Th\u00e9rapie du cancer Burghausen (Bavi\u00e8re) - Prof. Dr. m\u00e9d. Karl R. Aigner\" href=\"https:\/\/www.primomedico.com\/fr\/medecin\/prof-aigner-oncologie-burghausen\/\" target=\"_blank\" rel=\"noopener\">FR<\/a><span> <\/span><a title=\"\u041b\u0435\u0447\u0435\u043d\u0438\u0435 \u0440\u0430\u043a\u0430 \u0411\u0443\u0440\u0433\u0445\u0430\u0443\u0437\u0435\u043d (\u0411\u0430\u0432\u0430\u0440\u0438\u044f) - \u043f\u0440\u043e\u0444. \u0434-\u0440 \u043c\u0435\u0434. \u043d\u0430\u0443\u043a \u041a\u0430\u0440\u043b \u0420. \u0410\u0439\u0433\u043d\u0435\u0440\" href=\"https:\/\/www.primomedico.com\/ru\/vrach\/prof-aigner-onkologiia-burgkhauzen\/\" target=\"_blank\" rel=\"noopener\">RU<\/a><span> <\/span><a title=\"\u0639 \u0644\u0627\u062c \u0633\u0631\u0637 \u0627\u0646 \u064a \u0641 \u0628 \u0648\u0631\u063a \u0647\u0627\u0648\u0632\u0646 (\u0628 \u0627\u064a \u0631\u0646 .\u062f .\u0623 - ( \u0643 \u0627\u0631\u0644 .\u0631 \u0622\u064a \u0642 \u0646 \" href=\"https:\/\/www.primomedico.com\/ar\/tabib\/d-ayqnr-tb-lwrm-bwrghwzn\/\" target=\"_blank\" rel=\"noopener\">AR<\/a><\/p>\n<p>[\/et_pb_text][et_pb_image src=&#8220;http:\/\/s694535832.online.de\/wp-content\/uploads\/2025\/05\/divider-3blues.webp&#8220; title_text=&#8220;Teiler-3blues&#8220; show_bottom_space=&#8220;off&#8220; align_tablet=&#8220;center&#8220; align_phone=&#8220;center&#8220; align_last_edited=&#8220;on|tablet&#8220; _builder_version=&#8220;4.27.4&#8243; _module_preset=&#8220;default&#8220; max_width=&#8220;143px&#8220; custom_padding=&#8220;20px||20px||true|false&#8220; border_radii=&#8220;on|0px|0px|0px|0px&#8220; global_module=&#8220;128&#8243; saved_tabs=&#8220;all&#8220; global_colors_info=&#8220;{}&#8220;][\/et_pb_image][et_pb_code admin_label=&#8220;Mit Facebook verbinden&#8220; _builder_version=&#8220;4.27.4&#8243; _module_preset=&#8220;default&#8220; custom_padding=&#8220;10px||10px||true|false&#8220; text_orientation_tablet=&#8220;center&#8220; text_orientation_phone=&#8220;center&#8220; text_orientation_last_edited=&#8220;on|tablet&#8220; custom_css_free_form=&#8220;@media all and (max-width: 980px) {||  selector {||  justify-items: center;||  }||}&#8220; global_colors_info=&#8220;{}&#8220;]<button class=\"fb-placeholder-button j-fb-placeholder-button\"><span class=\"like-icon\"><\/span>Mit Facebook verbinden<\/button>[\/et_pb_code][et_pb_social_media_follow icon_color=&#8220;#FFFFFF&#8220; _builder_version=&#8220;4.27.4&#8243; _module_preset=&#8220;default&#8220; text_orientation=&#8220;center&#8220; custom_padding=&#8220;10px||10px||true|false&#8220; border_radii=&#8220;on|150px|150px|150px|150px&#8220; global_colors_info=&#8220;{}&#8220;][et_pb_social_media_follow_network social_network=&#8220;facebook&#8220; _builder_version=&#8220;4.27.4&#8243; _module_preset=&#8220;default&#8220; background_color=&#8220;#3b5998&#8243; follow_button=&#8220;off&#8220; url_new_window=&#8220;on&#8220;]facebook[\/et_pb_social_media_follow_network][et_pb_social_media_follow_network social_network=&#8220;linkedin&#8220; _builder_version=&#8220;4.27.4&#8243; _module_preset=&#8220;default&#8220; background_color=&#8220;#007bb6&#8243; follow_button=&#8220;off&#8220; url_new_window=&#8220;on&#8220;]linkedin[\/et_pb_social_media_follow_network][et_pb_social_media_follow_network social_network=&#8220;xing&#8220; _builder_version=&#8220;4.27.4&#8243; _module_preset=&#8220;default&#8220; background_color=&#8220;#026466&#8243; follow_button=&#8220;off&#8220; url_new_window=&#8220;on&#8220;]xing[\/et_pb_social_media_follow_network][\/et_pb_social_media_follow][\/et_pb_column][et_pb_column type=&#8220;3_4&#8243; specialty_columns=&#8220;3&#8243; _builder_version=&#8220;4.16&#8243; custom_padding=&#8220;|||&#8220; global_colors_info=&#8220;{}&#8220; custom_padding__hover=&#8220;|||&#8220;][et_pb_row_inner _builder_version=&#8220;4.27.4&#8243; _module_preset=&#8220;default&#8220; custom_padding=&#8220;0px|||||&#8220; global_colors_info=&#8220;{}&#8220;][et_pb_column_inner saved_specialty_column_type=&#8220;3_4&#8243; _builder_version=&#8220;4.27.4&#8243; _module_preset=&#8220;default&#8220; global_colors_info=&#8220;{}&#8220;][et_pb_video src=&#8220;https:\/\/www.youtube.com\/watch?v=ecTuaIJ1dQI&#8220; _builder_version=&#8220;4.27.4&#8243; _module_preset=&#8220;default&#8220; custom_margin=&#8220;||5%||false|false&#8220; hover_enabled=&#8220;0&#8243; global_colors_info=&#8220;{}&#8220; sticky_enabled=&#8220;0&#8243;][\/et_pb_video][et_pb_text _builder_version=&#8220;4.27.4&#8243; _module_preset=&#8220;default&#8220; global_colors_info=&#8220;{}&#8220;]<\/p>\n<div class=\"ql-block\" data-block-id=\"block-8c486b23-fa4b-462a-b9bb-85268fa831a7\">\n<p>Willkommen im Medias Klinikum, einem Krankenhaus, das sich auf die Behandlung von Krebs spezialisiert hat. Wir bieten nicht-chirurgische und chirurgische Leistungen sowie regionale und gezielte Chemotherapie und Immuntherapie an. Wir sind spezialisiert auf die isolierte Perfusion, eine Methode, mit der wir den lokalen Bereich eines Tumors mit hohen Dosen von Chemotherapie behandeln k\u00f6nnen, die den Tumor abt\u00f6ten sollen, ohne die typischen Nebenwirkungen.  <\/p>\n<p>Unsere regionalen, isolierten und gezielten Krebstherapien sind so konzipiert, dass sie bei Krebsarten wie Brustkrebs, Kopf- und Halskrebs, Leberkrebs, Dickdarm- und Enddarmkrebs, Analkrebs, Geb\u00e4rmutterhalskrebs und anderen Plattenepithelkarzinomen sowie Melanomen wirksam sind.<\/p>\n<p>Wir befinden uns in der N\u00e4he von M\u00fcnchen und bieten seit mehr als 20 Jahren einen alternativen Ansatz zur herk\u00f6mmlichen systemischen Chemotherapie, Bestrahlung und Operation. Unser derzeitiger CEO, Dr. Karl Aigner, hat die Technologie entwickelt, mit der Tumore und ihre Umgebung effektiv behandelt werden k\u00f6nnen. Die Tumore schrumpfen und k\u00f6nnen dann mit einem minimalen Trauma entfernt oder ganz abget\u00f6tet werden.   <\/p>\n<p>Wir wissen, dass dies eine Zeit der Ungewissheit f\u00fcr Sie ist, und wir sind hier, um alle Fragen zu beantworten. Bitte gehen Sie auf unsere Haupt-Website, um weitere Informationen dar\u00fcber zu erhalten, wie wir Ihnen bei der Behandlung Ihrer Krebserkrankung helfen k\u00f6nnen und wie Sie uns kontaktieren k\u00f6nnen. <\/p>\n<p>NB: Es gibt eine \u00dcbersetzungsfunktion unten rechts auf der Seite, oder Sie k\u00f6nnen die \u00dcbersetzungsfunktion Ihres Browsers verwenden.<\/p>\n<\/div>\n<p>[\/et_pb_text][\/et_pb_column_inner][\/et_pb_row_inner][et_pb_row_inner _builder_version=&#8220;4.27.4&#8243; _module_preset=&#8220;default&#8220; custom_padding=&#8220;20px||20px||true|false&#8220; global_colors_info=&#8220;{}&#8220;][et_pb_column_inner saved_specialty_column_type=&#8220;3_4&#8243; _builder_version=&#8220;4.27.4&#8243; _module_preset=&#8220;default&#8220; global_colors_info=&#8220;{}&#8220;][et_pb_button button_text=&#8220;Kontaktieren Sie uns&#8220; button_alignment=&#8220;center&#8220; _builder_version=&#8220;4.27.4&#8243; _module_preset=&#8220;default&#8220; custom_button=&#8220;off&#8220; global_colors_info=&#8220;{}&#8220;][\/et_pb_button][et_pb_divider disabled_on=&#8220;off|off|on&#8220; _builder_version=&#8220;4.27.4&#8243; _module_preset=&#8220;default&#8220; background_color=&#8220;#3a6084&#8243; module_alignment=&#8220;center&#8220; height=&#8220;1px&#8220; custom_margin=&#8220;60px||40px||false|false&#8220; global_colors_info=&#8220;{}&#8220;][\/et_pb_divider][\/et_pb_column_inner][\/et_pb_row_inner][\/et_pb_column][\/et_pb_section]<\/p>\n","protected":false},"excerpt":{"rendered":"<p>Sie haben Fragen oder m\u00f6chten einen Termin vereinbaren? Bitte schreiben Sie uns oder rufen Sie uns einfach an. Medias Klinikum GmbH &amp; Co. KG. Krankenhausstra\u00dfe 3a 84489 Burghausen, Deutschland Telefon: +49 (0) 8677 \/ 9160 &#8211; 0 Fax +49 (0) 8677 \/ 9160 &#8211; 120 info@medias-klinikum.de www.medias-klinikum.deOnkologieDE EN FR RU AR Willkommen im Medias Klinikum, [&hellip;]<\/p>\n","protected":false},"author":1,"featured_media":0,"parent":0,"menu_order":0,"comment_status":"closed","ping_status":"closed","template":"","meta":{"_et_pb_use_builder":"on","_et_pb_old_content":"","_et_gb_content_width":"","footnotes":""},"class_list":["post-246","page","type-page","status-publish","hentry"],"_links":{"self":[{"href":"https:\/\/medias.clinic\/de\/wp-json\/wp\/v2\/pages\/246","targetHints":{"allow":["GET"]}}],"collection":[{"href":"https:\/\/medias.clinic\/de\/wp-json\/wp\/v2\/pages"}],"about":[{"href":"https:\/\/medias.clinic\/de\/wp-json\/wp\/v2\/types\/page"}],"author":[{"embeddable":true,"href":"https:\/\/medias.clinic\/de\/wp-json\/wp\/v2\/users\/1"}],"replies":[{"embeddable":true,"href":"https:\/\/medias.clinic\/de\/wp-json\/wp\/v2\/comments?post=246"}],"version-history":[{"count":26,"href":"https:\/\/medias.clinic\/de\/wp-json\/wp\/v2\/pages\/246\/revisions"}],"predecessor-version":[{"id":346,"href":"https:\/\/medias.clinic\/de\/wp-json\/wp\/v2\/pages\/246\/revisions\/346"}],"wp:attachment":[{"href":"https:\/\/medias.clinic\/de\/wp-json\/wp\/v2\/media?parent=246"}],"curies":[{"name":"wp","href":"https:\/\/api.w.org\/{rel}","templated":true}]}}