{"id":400,"date":"2025-05-28T16:59:19","date_gmt":"2025-05-28T16:59:19","guid":{"rendered":"https:\/\/en.medias-klinikum.de\/imprint\/"},"modified":"2025-05-28T17:02:18","modified_gmt":"2025-05-28T17:02:18","slug":"imprint","status":"publish","type":"page","link":"https:\/\/medias.clinic\/de\/imprint\/","title":{"rendered":"Imprint"},"content":{"rendered":"\n<p><strong>Medias Klinikum GmbH &amp; Co. KG<\/strong><br>Krankenhausstra\u00dfe 3a<br>D-84489 Burghausen<br>Tel.: 08677 \/ 9160 &#8211; 0<br>Fax: 08677 \/ 9160 &#8211; 120<\/p>\n\n\n\n<p>E-Mail:&nbsp;<a href=\"https:\/\/www.medias-klinikum.de\/home\/kontakt-anfahrt\/\">info@medias-klinikum.de<\/a><\/p>\n\n\n\n<p>Internet: www.medias-klinikum.de<\/p>\n\n\n\n<p><strong>\u00c4rztliche Leitung:<\/strong>&nbsp;Prof. Dr. med. Karl Reinhard Aigner<\/p>\n\n\n\n<p><strong>Medizinprodukte-Sicherheitsbeauftragte:<\/strong><br>Verena Zeeb<br>mps@medias-klinikum.de<br>&nbsp;<br><strong>Sicherheitsbeauftragte:<\/strong><br>Erika P\u00fcschel<br>e.pueschel@medias-klinikum.de<br>&nbsp;<br><strong>Datenschutzbeauftragter:<\/strong><br>Siegfried Flo\u00dfmann<br>Datenschutzbeauftragter (DSB-T\u00dcV)<br>Zertifizierter IT-Sicherheitsbeauftragter<\/p>\n\n\n\n<p><br>Siegfried Flo\u00dfmann GmbH &amp; Co KG<br>M\u00fchlbachstra\u00dfe 48<br>8447 Emmerting<br>Phone: +49 (0) 151 22331396<br>Fax:\u00a0\u00a0\u00a0 +49 (0) 8679 30235<br><a href=\"mailto:flossmann@sf-datenschutz.eu\">flossmann@sf-datenschutz.eu<\/a><\/p>\n\n\n\n<p><strong>Pers\u00f6nlich haftende Gesellschafterin:<\/strong>&nbsp;Medias Verwaltungs GmbH,\u2028<\/p>\n\n\n\n<p>Gesch\u00e4ftsf\u00fchrer Prof. Dr. med. Karl Reinhard Aigner, IK 260914414<\/p>\n\n\n\n<p><strong>Registergericht:<\/strong>&nbsp;Amtsgericht Traunstein<\/p>\n\n\n\n<p><strong>Registernummer:<\/strong>&nbsp;HRA 9398<\/p>\n\n\n\n<p><strong>Haftungshinweis<\/strong><\/p>\n\n\n\n<p>Trotz sorgf\u00e4ltiger inhaltlicher Kontrolle \u00fcbernehmen wir keine Haftung f\u00fcr die Inhalte externer Links. F\u00fcr den Inhalt der verlinkten Seiten sind ausschlie\u00dflich deren Betreiber verantwortlich.<\/p>\n\n\n\n<p><strong>Bildnachweis<\/strong><\/p>\n\n\n\n<p>Die auf der Website des Medias Klinikums verwendeten Bilder stammen \u00fcberwiegend aus eigener Bilddatenbank sowie aus der \u00f6ffentlichen Bilddatenbank von istockphoto.com. Das Herunterladen und jegliche Verwendung der Bilder ist untersagt.<\/p>\n\n\n\n<ul class=\"wp-block-list\">\n<li>Stock-Fotografie-ID:913394714\u00a0\u00a9 istockphoto.com<\/li>\n\n\n\n<li>Stock-Fotografie-ID:916628448\u00a0\u00a9 istockphoto.com<\/li>\n\n\n\n<li>Stock-Fotografie-ID:137008698\u00a0\u00a9 istockphoto.com<\/li>\n<\/ul>\n","protected":false},"excerpt":{"rendered":"<p>Medias Klinikum GmbH &amp; Co. KGKrankenhausstra\u00dfe 3aD-84489 BurghausenTel.: 08677 \/ 9160 &#8211; 0Fax: 08677 \/ 9160 &#8211; 120 E-Mail:&nbsp;info@medias-klinikum.de Internet: www.medias-klinikum.de \u00c4rztliche Leitung:&nbsp;Prof. Dr. med. Karl Reinhard Aigner Medizinprodukte-Sicherheitsbeauftragte:Verena Zeebmps@medias-klinikum.de&nbsp;Sicherheitsbeauftragte:Erika P\u00fcschele.pueschel@medias-klinikum.de&nbsp;Datenschutzbeauftragter:Siegfried Flo\u00dfmannDatenschutzbeauftragter (DSB-T\u00dcV)Zertifizierter IT-Sicherheitsbeauftragter Siegfried Flo\u00dfmann GmbH &amp; Co KGM\u00fchlbachstra\u00dfe 488447 EmmertingPhone: +49 (0) 151 22331396Fax:\u00a0\u00a0\u00a0 +49 (0) 8679 30235flossmann@sf-datenschutz.eu Pers\u00f6nlich haftende Gesellschafterin:&nbsp;Medias Verwaltungs GmbH,\u2028 [&hellip;]<\/p>\n","protected":false},"author":1,"featured_media":0,"parent":0,"menu_order":0,"comment_status":"closed","ping_status":"closed","template":"","meta":{"_et_pb_use_builder":"off","_et_pb_old_content":"","_et_gb_content_width":"","footnotes":""},"class_list":["post-400","page","type-page","status-publish","hentry"],"_links":{"self":[{"href":"https:\/\/medias.clinic\/de\/wp-json\/wp\/v2\/pages\/400","targetHints":{"allow":["GET"]}}],"collection":[{"href":"https:\/\/medias.clinic\/de\/wp-json\/wp\/v2\/pages"}],"about":[{"href":"https:\/\/medias.clinic\/de\/wp-json\/wp\/v2\/types\/page"}],"author":[{"embeddable":true,"href":"https:\/\/medias.clinic\/de\/wp-json\/wp\/v2\/users\/1"}],"replies":[{"embeddable":true,"href":"https:\/\/medias.clinic\/de\/wp-json\/wp\/v2\/comments?post=400"}],"version-history":[{"count":2,"href":"https:\/\/medias.clinic\/de\/wp-json\/wp\/v2\/pages\/400\/revisions"}],"predecessor-version":[{"id":408,"href":"https:\/\/medias.clinic\/de\/wp-json\/wp\/v2\/pages\/400\/revisions\/408"}],"wp:attachment":[{"href":"https:\/\/medias.clinic\/de\/wp-json\/wp\/v2\/media?parent=400"}],"curies":[{"name":"wp","href":"https:\/\/api.w.org\/{rel}","templated":true}]}}