{"id":243,"date":"2025-05-16T14:09:28","date_gmt":"2025-05-16T14:09:28","guid":{"rendered":"https:\/\/en.medias-klinikum.de\/inicio\/"},"modified":"2025-05-21T00:59:27","modified_gmt":"2025-05-21T00:59:27","slug":"inicio","status":"publish","type":"page","link":"https:\/\/medias.clinic\/es\/","title":{"rendered":"Inicio"},"content":{"rendered":"<p>[et_pb_section fb_built=\u00bb1&#8243; use_custom_gutter=\u00bbon\u00bb gutter_width=\u00bb1&#8243; specialty=\u00bbon\u00bb padding_right_1=\u00bb20px\u00bb padding_right_2=\u00bb20px\u00bb padding_left_1=\u00bb20px\u00bb padding_left_2=\u00bb20px\u00bb padding_top_bottom_link_1=\u00bbfalse\u00bb padding_top_bottom_link_2=\u00bbfalse\u00bb padding_left_right_link_1=\u00bbtrue\u00bb padding_left_right_link_2=\u00bbtrue\u00bb module_class_1=\u00bbsecond-on-mobile\u00bb module_class_2=\u00bbfirst-on-mobile\u00bb module_class=\u00bbcustom_row_order\u00bb _builder_version=\u00bb4.27.4&#8243; _module_preset=\u00bbdefault\u00bb inner_width=\u00bb100%\u00bb inner_max_width=\u00bb1200px\u00bb global_colors_info=\u00bb{}\u00bb][et_pb_column type=\u00bb1_4&#8243; _builder_version=\u00bb4.16&#8243; custom_padding=\u00bb|||\u00bb global_colors_info=\u00bb{}\u00bb custom_padding__hover=\u00bb|||\u00bb][et_pb_code _builder_version=\u00bb4.27.4&#8243; _module_preset=\u00bbdefault\u00bb custom_margin=\u00bb||20px||false|false\u00bb global_colors_info=\u00bb{}\u00bb]<!-- Embed CSS --><!-- [et_pb_line_break_holder] --><link href=\"https:\/\/portal.prax.reviews\/assets\/externalassets\/main.css\" rel=\"stylesheet\"><!-- Embed JS --><!-- [et_pb_line_break_holder] --><script src=\"https:\/\/use.fontawesome.com\/788abcf0e6.js\"><\/script> <!-- [et_pb_line_break_holder] --><script src=\"https:\/\/portal.prax.reviews\/assets\/externalassets\/script.js\"><\/script> <!-- Embed HTML --><!-- [et_pb_line_break_holder] --> <!-- Desktop --><!-- [et_pb_line_break_holder] --><!-- [et_pb_line_break_holder] --><\/p>\n<div class=\"certificate ver-1 position\"><!-- [et_pb_line_break_holder] -->    <a href=\"https:\/\/portal.prax.reviews\/Onkologen-Burghausen-MediasKlinikumGmbHCoKG\" target=\"_blank\"><img decoding=\"async\" src=\"https:\/\/portal.prax.reviews\/assets\/externalassets\/images\/pr_seal_header_145x38.svg\" class=\"ceri-head\" alt=\"imagen\"><\/a><!-- [et_pb_line_break_holder] -->    <\/p>\n<div class=\"cer-body\"><!-- [et_pb_line_break_holder] -->        <\/p>\n<h5 id=\"MyRateo1mwX9z7Hvo=\">4.8<\/h5>\n<p><!-- [et_pb_line_break_holder] --><!-- [et_pb_line_break_holder] -->        <\/p>\n<div class=\"cer-rating\"><!-- [et_pb_line_break_holder] -->            <\/p>\n<div class=\"back-stars\"><!-- [et_pb_line_break_holder] -->                <img decoding=\"async\" src=\"https:\/\/portal.prax.reviews\/assets\/externalassets\/images\/back.png\"><!-- [et_pb_line_break_holder] -->            <\/div>\n<p><!-- [et_pb_line_break_holder] --><!-- [et_pb_line_break_holder] -->            <\/p>\n<div class=\"front-stars\"><!-- [et_pb_line_break_holder] -->                <\/p>\n<div id=\"front\" style=\"width: 98%;\"><!-- [et_pb_line_break_holder] -->                    <img decoding=\"async\" src=\"https:\/\/portal.prax.reviews\/assets\/externalassets\/images\/front.png\"><!-- [et_pb_line_break_holder] -->                <\/div>\n<p><!-- [et_pb_line_break_holder] -->            <\/div>\n<p><!-- [et_pb_line_break_holder] -->        <\/div>\n<p><!-- [et_pb_line_break_holder] --><!-- [et_pb_line_break_holder] -->        <\/p>\n<h6 id=\"Mygradeo1mwX9z7Hvo=\"><!-- [et_pb_line_break_holder] -->  MUY BUENO<!-- [et_pb_line_break_holder] -->        <\/h6>\n<p><!-- [et_pb_line_break_holder] -->    <\/div>\n<p><!-- [et_pb_line_break_holder] --><!-- [et_pb_line_break_holder] -->    <\/p>\n<div class=\"cer-footer\"><!-- [et_pb_line_break_holder] -->        <pee id=\"Myportalso1mwX9z7Hvo=\">85 Bewertungen auf 3 Portalen<\/pee><!-- [et_pb_line_break_holder] -->    <\/div>\n<p><!-- [et_pb_line_break_holder] --><\/div>\n<p><!-- [et_pb_line_break_holder] --><!-- Mobile --><!-- [et_pb_line_break_holder] -->[\/et_pb_code][et_pb_text _builder_version=\u00bb4.27.4&#8243; _module_preset=\u00bbdefault\u00bb text_text_color=\u00bb#666666&#8243; custom_padding=\u00bb5px||5px||true|false\u00bb global_colors_info=\u00bb{%22gcid-primary-color%22:%91%22link_text_color%22,%22link_text_color%22%93,%22gcid-heading-color%22:%91%22header_text_color%22,%22header_4_text_color%22,%22header_3_text_color%22,%22header_2_text_color%22,%22header_5_text_color%22,%22header_6_text_color%22,%22quote_text_color%22,%22header_text_color%22,%22header_4_text_color%22,%22header_3_text_color%22,%22header_2_text_color%22,%22header_5_text_color%22,%22header_6_text_color%22,%22quote_text_color%22%93,%22gcid-secondary-color%22:%91%22quote_border_color%22,%22quote_border_color%22%93}\u00bb]<\/p>\n<p>\u00bfTienes preguntas o quieres concertar una cita? Escr\u00edbenos o ll\u00e1manos. <\/p>\n<p>[\/et_pb_text][et_pb_image src=\u00bbhttp:\/\/s694535832.online.de\/wp-content\/uploads\/2025\/05\/divider-3blues.webp\u00bb title_text=\u00bbdivisor-3azules\u00bb show_bottom_space=\u00bboff\u00bb align_tablet=\u00bbcenter\u00bb align_phone=\u00bbcenter\u00bb align_last_edited=\u00bbon|tablet\u00bb _builder_version=\u00bb4.27.4&#8243; _module_preset=\u00bbdefault\u00bb max_width=\u00bb143px\u00bb custom_padding=\u00bb20px||20px||true|false\u00bb border_radii=\u00bbon|0px|0px|0px|0px\u00bb global_module=\u00bb128&#8243; saved_tabs=\u00bball\u00bb global_colors_info=\u00bb{}\u00bb][\/et_pb_image][et_pb_text _builder_version=\u00bb4.27.4&#8243; _module_preset=\u00bbdefault\u00bb text_text_color=\u00bb#666666&#8243; custom_padding=\u00bb5px||5px||true|false\u00bb hover_enabled=\u00bb0&#8243; global_colors_info=\u00bb{%22gcid-primary-color%22:%91%22link_text_color%22%93,%22gcid-heading-color%22:%91%22header_text_color%22,%22header_4_text_color%22,%22header_3_text_color%22,%22header_2_text_color%22,%22header_5_text_color%22,%22header_6_text_color%22,%22quote_text_color%22%93,%22gcid-secondary-color%22:%91%22quote_border_color%22%93}\u00bb sticky_enabled=\u00bb0&#8243;]Medias Klinikum GmbH &amp; Co. KG.<br \/>\nKrankenhausstra\u00dfe 3a<br \/>\n84489 Burghausen, Alemania<br \/>\nTel\u00e9fono: +49 (0) 8677 \/ 9160 &#8211; 0<br \/>\nFax +49 (0) 8677 \/ 9160 &#8211; 120<br \/>\n<a href=\"mailto:info@medias-klinikum.de\">info@medias-klinikum.de<\/a><br \/>\n<a href=\"www.medias-klinikum.de\">www.medias-klinikum.de<\/a>[\/et_pb_text][et_pb_image src=\u00bbhttp:\/\/s694535832.online.de\/wp-content\/uploads\/2025\/05\/divider-3blues.webp\u00bb title_text=\u00bbdivisor-3azules\u00bb show_bottom_space=\u00bboff\u00bb align_tablet=\u00bbcenter\u00bb align_phone=\u00bbcenter\u00bb align_last_edited=\u00bbon|tablet\u00bb _builder_version=\u00bb4.27.4&#8243; _module_preset=\u00bbdefault\u00bb max_width=\u00bb143px\u00bb custom_padding=\u00bb20px||20px||true|false\u00bb border_radii=\u00bbon|0px|0px|0px|0px\u00bb global_module=\u00bb128&#8243; saved_tabs=\u00bball\u00bb global_colors_info=\u00bb{}\u00bb][\/et_pb_image][et_pb_image src=\u00bbhttp:\/\/s694535832.online.de\/wp-content\/uploads\/2025\/05\/logo-iasios.webp\u00bb title_text=\u00bblogo-iasios\u00bb align=\u00bbcenter\u00bb _builder_version=\u00bb4.27.4&#8243; _module_preset=\u00bbdefault\u00bb width=\u00bb220px\u00bb custom_padding=\u00bb10px||10px||true|false\u00bb global_colors_info=\u00bb{}\u00bb][\/et_pb_image][et_pb_image src=\u00bbhttp:\/\/s694535832.online.de\/wp-content\/uploads\/2025\/05\/logo-healNavigator2.webp\u00bb title_text=\u00bblogo-healNavigator2&#8243; align=\u00bbcenter\u00bb _builder_version=\u00bb4.27.4&#8243; _module_preset=\u00bbdefault\u00bb width=\u00bb220px\u00bb custom_padding=\u00bb10px||10px||true|false\u00bb global_colors_info=\u00bb{}\u00bb][\/et_pb_image][et_pb_image src=\u00bbhttp:\/\/s694535832.online.de\/wp-content\/uploads\/2025\/05\/logo-primo_medico.webp\u00bb title_text=\u00bblogo-primo_medico\u00bb align=\u00bbcenter\u00bb _builder_version=\u00bb4.27.4&#8243; _module_preset=\u00bbdefault\u00bb width=\u00bb220px\u00bb custom_padding=\u00bb10px||10px||true|false\u00bb global_colors_info=\u00bb{}\u00bb][\/et_pb_image][et_pb_text _builder_version=\u00bb4.27.4&#8243; _module_preset=\u00bbdefault\u00bb text_text_color=\u00bb#666666&#8243; text_orientation=\u00bbcenter\u00bb custom_padding=\u00bb5px||5px||true|false\u00bb global_colors_info=\u00bb{}\u00bb]<\/p>\n<p><span>Oncolog\u00eda<\/span><br \/><a title=\"Terapia contra el c\u00e1ncer Burghausen (Baviera) - Prof. Dr. med. Karl R. Aigner\" href=\"https:\/\/www.primomedico.com\/de\/spezialist\/prof-aigner-krebstherapie-burghausen\/\" target=\"_blank\" rel=\"noopener\">ES<\/a><span> <\/span><a title=\"Terapia contra el c\u00e1ncer de Burghausen (Baviera) - Prof. Dr Karl R. Aigner\" href=\"https:\/\/www.primomedico.com\/en\/doctor\/prof-aigner-oncology-burghausen\/\" target=\"_blank\" rel=\"noopener\">ES<\/a><span> <\/span><a title=\"Th\u00e9rapie du cancer Burghausen (Bavi\u00e8re) - Prof. Dr m\u00e9d. Karl R. Aigner\" href=\"https:\/\/www.primomedico.com\/fr\/medecin\/prof-aigner-oncologie-burghausen\/\" target=\"_blank\" rel=\"noopener\">FR<\/a><span> <\/span><a title=\"\u041b\u0435\u0447\u0435\u043d\u0438\u0435 \u0440\u0430\u043a\u0430 \u0411\u0443\u0440\u0433\u0445\u0430\u0443\u0437\u0435\u043d (\u0411\u0430\u0432\u0430\u0440\u0438\u044f) - \u043f\u0440\u043e\u0444. \u0434-\u0440 \u043c\u0435\u0434. \u043d\u0430\u0443\u043a \u041a\u0430\u0440\u043b \u0420. \u0410\u0439\u0433\u043d\u0435\u0440\" href=\"https:\/\/www.primomedico.com\/ru\/vrach\/prof-aigner-onkologiia-burgkhauzen\/\" target=\"_blank\" rel=\"noopener\">RU<\/a><span> <\/span><a title=\"\u0639 \u0644\u0627\u062c \u0633\u0631\u0637 \u0627\u0646 \u064a \u0641 \u0628 \u0648\u0631\u063a \u0647\u0627\u0648\u0632\u0646 (\u0628 \u0627\u064a \u0631\u0646 .\u062f .\u0623 - ( \u0643 \u0627\u0631\u0644 .\u0631 \u0622\u064a \u0642 \u0646 \" href=\"https:\/\/www.primomedico.com\/ar\/tabib\/d-ayqnr-tb-lwrm-bwrghwzn\/\" target=\"_blank\" rel=\"noopener\">AR<\/a><\/p>\n<p>[\/et_pb_text][et_pb_image src=\u00bbhttp:\/\/s694535832.online.de\/wp-content\/uploads\/2025\/05\/divider-3blues.webp\u00bb title_text=\u00bbdivisor-3azules\u00bb show_bottom_space=\u00bboff\u00bb align_tablet=\u00bbcenter\u00bb align_phone=\u00bbcenter\u00bb align_last_edited=\u00bbon|tablet\u00bb _builder_version=\u00bb4.27.4&#8243; _module_preset=\u00bbdefault\u00bb max_width=\u00bb143px\u00bb custom_padding=\u00bb20px||20px||true|false\u00bb border_radii=\u00bbon|0px|0px|0px|0px\u00bb global_module=\u00bb128&#8243; saved_tabs=\u00bball\u00bb global_colors_info=\u00bb{}\u00bb][\/et_pb_image][et_pb_code admin_label=\u00bbCon\u00e9ctate a Facebook\u00bb _builder_version=\u00bb4.27.4&#8243; _module_preset=\u00bbdefault\u00bb custom_padding=\u00bb10px||10px||true|false\u00bb text_orientation_tablet=\u00bbcenter\u00bb text_orientation_phone=\u00bbcenter\u00bb text_orientation_last_edited=\u00bbon|tablet\u00bb custom_css_free_form=\u00bb@media all and (max-width: 980px) {||  selector {||  justify-items: center;||  }||}\u00bb global_colors_info=\u00bb{}\u00bb]<button class=\"fb-placeholder-button j-fb-placeholder-button\"><span class=\"like-icon\"><\/span>Con\u00e9ctate a Facebook<\/button>[\/et_pb_code][et_pb_social_media_follow icon_color=\u00bb#FFFFFF\u00bb _builder_version=\u00bb4.27.4&#8243; _module_preset=\u00bbdefault\u00bb text_orientation=\u00bbcenter\u00bb custom_padding=\u00bb10px||10px||true|false\u00bb border_radii=\u00bbon|150px|150px|150px|150px\u00bb global_colors_info=\u00bb{}\u00bb][et_pb_social_media_follow_network social_network=\u00bbfacebook\u00bb _builder_version=\u00bb4.27.4&#8243; _module_preset=\u00bbdefault\u00bb background_color=\u00bb#3b5998&#8243; follow_button=\u00bboff\u00bb url_new_window=\u00bbon\u00bb]facebook[\/et_pb_social_media_follow_network][et_pb_social_media_follow_network social_network=\u00bblinkedin\u00bb _builder_version=\u00bb4.27.4&#8243; _module_preset=\u00bbdefault\u00bb background_color=\u00bb#007bb6&#8243; follow_button=\u00bboff\u00bb url_new_window=\u00bbon\u00bb]linkedin[\/et_pb_social_media_follow_network][et_pb_social_media_follow_network social_network=\u00bbxing\u00bb _builder_version=\u00bb4.27.4&#8243; _module_preset=\u00bbdefault\u00bb background_color=\u00bb#026466&#8243; follow_button=\u00bboff\u00bb url_new_window=\u00bbon\u00bb]xing[\/et_pb_social_media_follow_network][\/et_pb_social_media_follow][\/et_pb_column][et_pb_column type=\u00bb3_4&#8243; specialty_columns=\u00bb3&#8243; _builder_version=\u00bb4.16&#8243; custom_padding=\u00bb|||\u00bb global_colors_info=\u00bb{}\u00bb custom_padding__hover=\u00bb|||\u00bb][et_pb_row_inner _builder_version=\u00bb4.27.4&#8243; _module_preset=\u00bbdefault\u00bb custom_padding=\u00bb0px|||||\u00bb global_colors_info=\u00bb{}\u00bb][et_pb_column_inner saved_specialty_column_type=\u00bb3_4&#8243; _builder_version=\u00bb4.27.4&#8243; _module_preset=\u00bbdefault\u00bb global_colors_info=\u00bb{}\u00bb][et_pb_video src=\u00bbhttps:\/\/www.youtube.com\/watch?v=ecTuaIJ1dQI\u00bb _builder_version=\u00bb4.27.4&#8243; _module_preset=\u00bbdefault\u00bb custom_margin=\u00bb||5%||false|false\u00bb hover_enabled=\u00bb0&#8243; global_colors_info=\u00bb{}\u00bb sticky_enabled=\u00bb0&#8243;][\/et_pb_video][et_pb_text _builder_version=\u00bb4.27.4&#8243; _module_preset=\u00bbdefault\u00bb global_colors_info=\u00bb{}\u00bb]<\/p>\n<div class=\"ql-block\" data-block-id=\"block-8c486b23-fa4b-462a-b9bb-85268fa831a7\">\n<p>Bienvenido a Medias Klinikum, un hospital dedicado al tratamiento del c\u00e1ncer. Proporcionamos servicios no quir\u00fargicos y quir\u00fargicos, junto con quimioterapia regional y dirigida e inmunoterapia. Estamos especializados en perfusi\u00f3n aislada, un m\u00e9todo mediante el cual podemos tratar la zona local de un tumor con altas dosis de quimioterapia, dise\u00f1adas para matar el tumor, sin los t\u00edpicos efectos secundarios.  <\/p>\n<p>Nuestros tratamientos regionales, aislados y dirigidos contra el c\u00e1ncer est\u00e1n dise\u00f1ados para ser eficaces con c\u00e1nceres como el de mama, cabeza y cuello, h\u00edgado, c\u00e1ncer colorrectal de colon y recto, carcinoma anal, cervical y otros carcinomas de c\u00e9lulas escamosas, y melanoma.<\/p>\n<p>Situados cerca de M\u00fanich (Alemania), llevamos m\u00e1s de 20 a\u00f1os ofreciendo un enfoque alternativo a la quimioterapia sist\u00e9mica, la radioterapia y la cirug\u00eda tradicionales. Nuestro actual director general, el Dr. Karl Aigner, fue pionero en la tecnolog\u00eda que permite tratar eficazmente los tumores y sus zonas circundantes, reduciendo el tama\u00f1o de los tumores para poder extirparlos con un traumatismo m\u00ednimo, o eliminarlos por completo.   <\/p>\n<p>Sabemos que \u00e9ste es un momento de incertidumbre para ti y estamos aqu\u00ed para responder a cualquier pregunta. Dir\u00edgete a nuestro sitio web principal para obtener m\u00e1s informaci\u00f3n sobre c\u00f3mo podemos ayudarte con el tratamiento de tu c\u00e1ncer y c\u00f3mo ponerte en contacto con nosotros. <\/p>\n<p>NB: Hay una funci\u00f3n de traducci\u00f3n en la parte inferior derecha de la p\u00e1gina, o puedes utilizar la funci\u00f3n de traducci\u00f3n de tu navegador.<\/p>\n<\/div>\n<p>[\/et_pb_text][\/et_pb_column_inner][\/et_pb_row_inner][et_pb_row_inner _builder_version=\u00bb4.27.4&#8243; _module_preset=\u00bbdefault\u00bb custom_padding=\u00bb20px||20px||true|false\u00bb global_colors_info=\u00bb{}\u00bb][et_pb_column_inner saved_specialty_column_type=\u00bb3_4&#8243; _builder_version=\u00bb4.27.4&#8243; _module_preset=\u00bbdefault\u00bb global_colors_info=\u00bb{}\u00bb][et_pb_button button_text=\u00bbContacta con nosotros\u00bb button_alignment=\u00bbcenter\u00bb _builder_version=\u00bb4.27.4&#8243; _module_preset=\u00bbdefault\u00bb custom_button=\u00bboff\u00bb global_colors_info=\u00bb{}\u00bb][\/et_pb_button][et_pb_divider disabled_on=\u00bboff|off|on\u00bb _builder_version=\u00bb4.27.4&#8243; _module_preset=\u00bbdefault\u00bb background_color=\u00bb#3a6084&#8243; module_alignment=\u00bbcenter\u00bb height=\u00bb1px\u00bb custom_margin=\u00bb60px||40px||false|false\u00bb global_colors_info=\u00bb{}\u00bb][\/et_pb_divider][\/et_pb_column_inner][\/et_pb_row_inner][\/et_pb_column][\/et_pb_section]<\/p>\n","protected":false},"excerpt":{"rendered":"<p>\u00bfTienes preguntas o quieres concertar una cita? Escr\u00edbenos o ll\u00e1manos. Medias Klinikum GmbH &amp; Co. KG. Krankenhausstra\u00dfe 3a 84489 Burghausen, Alemania Tel\u00e9fono: +49 (0) 8677 \/ 9160 &#8211; 0 Fax +49 (0) 8677 \/ 9160 &#8211; 120 info@medias-klinikum.de www.medias-klinikum.deOncolog\u00edaES ES FR RU AR Bienvenido a Medias Klinikum, un hospital dedicado al tratamiento del c\u00e1ncer. Proporcionamos [&hellip;]<\/p>\n","protected":false},"author":1,"featured_media":0,"parent":0,"menu_order":0,"comment_status":"closed","ping_status":"closed","template":"","meta":{"_et_pb_use_builder":"on","_et_pb_old_content":"","_et_gb_content_width":"","footnotes":""},"class_list":["post-243","page","type-page","status-publish","hentry"],"_links":{"self":[{"href":"https:\/\/medias.clinic\/es\/wp-json\/wp\/v2\/pages\/243","targetHints":{"allow":["GET"]}}],"collection":[{"href":"https:\/\/medias.clinic\/es\/wp-json\/wp\/v2\/pages"}],"about":[{"href":"https:\/\/medias.clinic\/es\/wp-json\/wp\/v2\/types\/page"}],"author":[{"embeddable":true,"href":"https:\/\/medias.clinic\/es\/wp-json\/wp\/v2\/users\/1"}],"replies":[{"embeddable":true,"href":"https:\/\/medias.clinic\/es\/wp-json\/wp\/v2\/comments?post=243"}],"version-history":[{"count":26,"href":"https:\/\/medias.clinic\/es\/wp-json\/wp\/v2\/pages\/243\/revisions"}],"predecessor-version":[{"id":345,"href":"https:\/\/medias.clinic\/es\/wp-json\/wp\/v2\/pages\/243\/revisions\/345"}],"wp:attachment":[{"href":"https:\/\/medias.clinic\/es\/wp-json\/wp\/v2\/media?parent=243"}],"curies":[{"name":"wp","href":"https:\/\/api.w.org\/{rel}","templated":true}]}}