{"id":401,"date":"2025-05-28T16:59:19","date_gmt":"2025-05-28T16:59:19","guid":{"rendered":"https:\/\/en.medias-klinikum.de\/imprint\/"},"modified":"2025-05-28T17:08:43","modified_gmt":"2025-05-28T17:08:43","slug":"imprint","status":"publish","type":"page","link":"https:\/\/medias.clinic\/es\/imprint\/","title":{"rendered":"Imprint"},"content":{"rendered":"\n<p><strong>Medias Klinikum GmbH &amp; Co. KG<\/strong><\/p>\n\n\n\n<p>Calle del hospital 3a<br>D-84489 Burghausen<br>Tel\u00e9fono: 08677 \/ 9160 &#8211; 0<br>Fax: 08677 \/ 9160 &#8211; 120<\/p>\n\n\n\n<p>Correo electr\u00f3nico:&nbsp;<a href=\"https:\/\/www.medias-klinikum.de\/home\/kontakt-anfahrt\/\">info@medias-klinikum.de<\/a><\/p>\n\n\n\n<p>Internet: www.medias-klinikum.de<\/p>\n\n\n\n<p><strong>Director m\u00e9dico:<\/strong>&nbsp;Prof. Dr. med. Karl Reinhard Aigner<\/p>\n\n\n\n<p><strong>Responsable de seguridad de dispositivos m\u00e9dicos:<\/strong><br>Verena Zeeb<br>mps@medias-klinikum.de<br><br><strong>Oficial de seguridad:<\/strong><br>Erika P\u00fcschel<br>e.pueschel@medias-klinikum.de<br><br><strong>Delegado de Protecci\u00f3n de Datos:<\/strong><br>Siegfried Flo\u00dfmann<br>Delegado de Protecci\u00f3n de Datos (DSB-T\u00dcV)<br>Oficial de seguridad inform\u00e1tica certificado<\/p>\n\n\n\n<p><br>Siegfried Flo\u00dfmann GmbH &amp; Co KG<br>Calle M\u00fchlbach 48<br>8447 Emmerting<br>Tel\u00e9fono: +49 (0) 151 22331396<br>Fax: +49 (0) 8679 30235<br><a href=\"mailto:flossmann@sf-datenschutz.eu\">flossmann@sf-datenschutz.eu<\/a><\/p>\n\n\n\n<p><strong>Socio personalmente responsable:<\/strong>&nbsp;Medias Verwaltungs GmbH,\u2028<\/p>\n\n\n\n<p>Director General Prof. Dr. med. Karl Reinhard Aigner, IK 260914414<\/p>\n\n\n\n<p><strong>Tribunal de registro:<\/strong>&nbsp;Tribunal Local de Traunstein<\/p>\n\n\n\n<p><strong>N\u00famero de registro:<\/strong>&nbsp;HRA 9398<\/p>\n\n\n\n<p><strong>Aviso de responsabilidad<\/strong><\/p>\n\n\n\n<p>A pesar del cuidadoso control del contenido, no asumimos ninguna responsabilidad por el contenido de los enlaces externos. Los operadores de las p\u00e1ginas enlazadas son los \u00fanicos responsables de su contenido.<\/p>\n\n\n\n<p><strong>Cr\u00e9ditos de las im\u00e1genes<\/strong><\/p>\n\n\n\n<p>Las im\u00e1genes utilizadas en el sitio web de Medias Klinikum proceden principalmente de nuestra propia base de datos de im\u00e1genes y de la base de datos de im\u00e1genes p\u00fablicas de istockphoto.com. Descarga y se proh\u00edbe el uso de las im\u00e1genes.<\/p>\n\n\n\n<ul class=\"wp-block-list\">\n<li>Fotograf\u00eda de archivo ID:913394714\u00a0\u00a9 istockphoto.com<\/li>\n\n\n\n<li>Fotograf\u00eda de archivo ID:916628448\u00a0\u00a9 istockphoto.com<\/li>\n\n\n\n<li>Fotograf\u00eda de archivo ID:137008698\u00a0\u00a9 istockphoto.com<\/li>\n<\/ul>\n","protected":false},"excerpt":{"rendered":"<p>Medias Klinikum GmbH &amp; Co. KG Calle del hospital 3aD-84489 BurghausenTel\u00e9fono: 08677 \/ 9160 &#8211; 0Fax: 08677 \/ 9160 &#8211; 120 Correo electr\u00f3nico:&nbsp;info@medias-klinikum.de Internet: www.medias-klinikum.de Director m\u00e9dico:&nbsp;Prof. Dr. med. Karl Reinhard Aigner Responsable de seguridad de dispositivos m\u00e9dicos:Verena Zeebmps@medias-klinikum.de Oficial de seguridad:Erika P\u00fcschele.pueschel@medias-klinikum.de Delegado de Protecci\u00f3n de Datos:Siegfried Flo\u00dfmannDelegado de Protecci\u00f3n de Datos (DSB-T\u00dcV)Oficial de [&hellip;]<\/p>\n","protected":false},"author":1,"featured_media":0,"parent":0,"menu_order":0,"comment_status":"closed","ping_status":"closed","template":"","meta":{"_et_pb_use_builder":"off","_et_pb_old_content":"","_et_gb_content_width":"1080","footnotes":""},"class_list":["post-401","page","type-page","status-publish","hentry"],"_links":{"self":[{"href":"https:\/\/medias.clinic\/es\/wp-json\/wp\/v2\/pages\/401","targetHints":{"allow":["GET"]}}],"collection":[{"href":"https:\/\/medias.clinic\/es\/wp-json\/wp\/v2\/pages"}],"about":[{"href":"https:\/\/medias.clinic\/es\/wp-json\/wp\/v2\/types\/page"}],"author":[{"embeddable":true,"href":"https:\/\/medias.clinic\/es\/wp-json\/wp\/v2\/users\/1"}],"replies":[{"embeddable":true,"href":"https:\/\/medias.clinic\/es\/wp-json\/wp\/v2\/comments?post=401"}],"version-history":[{"count":3,"href":"https:\/\/medias.clinic\/es\/wp-json\/wp\/v2\/pages\/401\/revisions"}],"predecessor-version":[{"id":412,"href":"https:\/\/medias.clinic\/es\/wp-json\/wp\/v2\/pages\/401\/revisions\/412"}],"wp:attachment":[{"href":"https:\/\/medias.clinic\/es\/wp-json\/wp\/v2\/media?parent=401"}],"curies":[{"name":"wp","href":"https:\/\/api.w.org\/{rel}","templated":true}]}}