{"id":249,"date":"2025-05-16T14:09:28","date_gmt":"2025-05-16T14:09:28","guid":{"rendered":"https:\/\/en.medias-klinikum.de\/accueil\/"},"modified":"2025-05-21T00:59:27","modified_gmt":"2025-05-21T00:59:27","slug":"accueil","status":"publish","type":"page","link":"https:\/\/medias.clinic\/fr\/","title":{"rendered":"Accueil"},"content":{"rendered":"<p>[et_pb_section fb_built=\u00a0\u00bb1&Prime; use_custom_gutter=\u00a0\u00bbon\u00a0\u00bb gutter_width=\u00a0\u00bb1&Prime; specialty=\u00a0\u00bbon\u00a0\u00bb padding_right_1=\u00a0\u00bb20px\u00a0\u00bb padding_right_2=\u00a0\u00bb20px\u00a0\u00bb padding_left_1=\u00a0\u00bb20px\u00a0\u00bb padding_left_2=\u00a0\u00bb20px\u00a0\u00bb padding_top_bottom_link_1=\u00a0\u00bbfalse\u00a0\u00bb padding_top_bottom_link_2=\u00a0\u00bbfalse\u00a0\u00bb padding_left_right_link_1=\u00a0\u00bbtrue\u00a0\u00bb padding_left_right_link_2=\u00a0\u00bbtrue\u00a0\u00bb module_class_1=\u00a0\u00bbsecond-on-mobile\u00a0\u00bb module_class_2=\u00a0\u00bbfirst-on-mobile\u00a0\u00bb module_class=\u00a0\u00bbcustom_row_order\u00a0\u00bb _builder_version=\u00a0\u00bb4.27.4&Prime; _module_preset=\u00a0\u00bbdefault\u00a0\u00bb inner_width=\u00a0\u00bb100%\u00a0\u00bb inner_max_width=\u00a0\u00bb1200px\u00a0\u00bb global_colors_info=\u00a0\u00bb{}\u00a0\u00bb][et_pb_column type=\u00a0\u00bb1_4&Prime; _builder_version=\u00a0\u00bb4.16&Prime; custom_padding=\u00a0\u00bb|||\u00a0\u00bb global_colors_info=\u00a0\u00bb{}\u00a0\u00bb custom_padding__hover=\u00a0\u00bb|||\u00a0\u00bb][et_pb_code _builder_version=\u00a0\u00bb4.27.4&Prime; _module_preset=\u00a0\u00bbdefault\u00a0\u00bb custom_margin=\u00a0\u00bb||20px||false|false\u00a0\u00bb global_colors_info=\u00a0\u00bb{}\u00a0\u00bb]<!-- Embed CSS --><!-- [et_pb_line_break_holder] --><link href=\"https:\/\/portal.prax.reviews\/assets\/externalassets\/main.css\" rel=\"stylesheet\"><!-- Embed JS --><!-- [et_pb_line_break_holder] --><script src=\"https:\/\/use.fontawesome.com\/788abcf0e6.js\"><\/script> <!-- [et_pb_line_break_holder] --><script src=\"https:\/\/portal.prax.reviews\/assets\/externalassets\/script.js\"><\/script> <!-- Embed HTML --><!-- [et_pb_line_break_holder] --> <!-- Desktop --><!-- [et_pb_line_break_holder] --><!-- [et_pb_line_break_holder] --><\/p>\n<div class=\"certificate ver-1 position\"><!-- [et_pb_line_break_holder] -->    <a href=\"https:\/\/portal.prax.reviews\/Onkologen-Burghausen-MediasKlinikumGmbHCoKG\" target=\"_blank\"><img decoding=\"async\" src=\"https:\/\/portal.prax.reviews\/assets\/externalassets\/images\/pr_seal_header_145x38.svg\" class=\"ceri-head\" alt=\"image\"><\/a><!-- [et_pb_line_break_holder] -->    <\/p>\n<div class=\"cer-body\"><!-- [et_pb_line_break_holder] -->        <\/p>\n<h5 id=\"MyRateo1mwX9z7Hvo=\">4.8<\/h5>\n<p><!-- [et_pb_line_break_holder] --><!-- [et_pb_line_break_holder] -->        <\/p>\n<div class=\"cer-rating\"><!-- [et_pb_line_break_holder] -->            <\/p>\n<div class=\"back-stars\"><!-- [et_pb_line_break_holder] -->                <img decoding=\"async\" src=\"https:\/\/portal.prax.reviews\/assets\/externalassets\/images\/back.png\"><!-- [et_pb_line_break_holder] -->            <\/div>\n<p><!-- [et_pb_line_break_holder] --><!-- [et_pb_line_break_holder] -->            <\/p>\n<div class=\"front-stars\"><!-- [et_pb_line_break_holder] -->                <\/p>\n<div id=\"front\" style=\"width: 98%;\"><!-- [et_pb_line_break_holder] -->                    <img decoding=\"async\" src=\"https:\/\/portal.prax.reviews\/assets\/externalassets\/images\/front.png\"><!-- [et_pb_line_break_holder] -->                <\/div>\n<p><!-- [et_pb_line_break_holder] -->            <\/div>\n<p><!-- [et_pb_line_break_holder] -->        <\/div>\n<p><!-- [et_pb_line_break_holder] --><!-- [et_pb_line_break_holder] -->        <\/p>\n<h6 id=\"Mygradeo1mwX9z7Hvo=\"><!-- [et_pb_line_break_holder] -->  TRES BIEN<!-- [et_pb_line_break_holder] -->        <\/h6>\n<p><!-- [et_pb_line_break_holder] -->    <\/div>\n<p><!-- [et_pb_line_break_holder] --><!-- [et_pb_line_break_holder] -->    <\/p>\n<div class=\"cer-footer\"><!-- [et_pb_line_break_holder] -->        <pee id=\"Myportalso1mwX9z7Hvo=\">85 avis sur 3 portails<\/pee><!-- [et_pb_line_break_holder] -->    <\/div>\n<p><!-- [et_pb_line_break_holder] --><\/div>\n<p><!-- [et_pb_line_break_holder] --><!-- Mobile --><!-- [et_pb_line_break_holder] -->[\/et_pb_code][et_pb_text _builder_version=\u00a0\u00bb4.27.4&Prime; _module_preset=\u00a0\u00bbdefault\u00a0\u00bb text_text_color=\u00a0\u00bb#666666&Prime; custom_padding=\u00a0\u00bb5px||5px||true|false\u00a0\u00bb global_colors_info=\u00a0\u00bb{%22gcid-primary-color%22:%91%22link_text_color%22,%22link_text_color%22%93,%22gcid-heading-color%22:%91%22header_text_color%22,%22header_4_text_color%22,%22header_3_text_color%22,%22header_2_text_color%22,%22header_5_text_color%22,%22header_6_text_color%22,%22quote_text_color%22,%22header_text_color%22,%22header_4_text_color%22,%22header_3_text_color%22,%22header_2_text_color%22,%22header_5_text_color%22,%22header_6_text_color%22,%22quote_text_color%22%93,%22gcid-secondary-color%22:%91%22quote_border_color%22,%22quote_border_color%22%93}\u00a0\u00bb]<\/p>\n<p>Vous avez des questions ou souhaitez prendre rendez-vous ? \u00c9crivez-nous ou appelez-nous. <\/p>\n<p>[\/et_pb_text][et_pb_image src=\u00a0\u00bbhttp:\/\/s694535832.online.de\/wp-content\/uploads\/2025\/05\/divider-3blues.webp\u00a0\u00bb title_text=\u00a0\u00bbintercalaire-3bleus\u00a0\u00bb show_bottom_space=\u00a0\u00bboff\u00a0\u00bb align_tablet=\u00a0\u00bbcenter\u00a0\u00bb align_phone=\u00a0\u00bbcenter\u00a0\u00bb align_last_edited=\u00a0\u00bbon|tablet\u00a0\u00bb _builder_version=\u00a0\u00bb4.27.4&Prime; _module_preset=\u00a0\u00bbdefault\u00a0\u00bb max_width=\u00a0\u00bb143px\u00a0\u00bb custom_padding=\u00a0\u00bb20px||20px||true|false\u00a0\u00bb border_radii=\u00a0\u00bbon|0px|0px|0px|0px\u00a0\u00bb global_module=\u00a0\u00bb128&Prime; saved_tabs=\u00a0\u00bball\u00a0\u00bb global_colors_info=\u00a0\u00bb{}\u00a0\u00bb][\/et_pb_image][et_pb_text _builder_version=\u00a0\u00bb4.27.4&Prime; _module_preset=\u00a0\u00bbdefault\u00a0\u00bb text_text_color=\u00a0\u00bb#666666&Prime; custom_padding=\u00a0\u00bb5px||5px||true|false\u00a0\u00bb hover_enabled=\u00a0\u00bb0&Prime; global_colors_info=\u00a0\u00bb{%22gcid-primary-color%22:%91%22link_text_color%22%93,%22gcid-heading-color%22:%91%22header_text_color%22,%22header_4_text_color%22,%22header_3_text_color%22,%22header_2_text_color%22,%22header_5_text_color%22,%22header_6_text_color%22,%22quote_text_color%22%93,%22gcid-secondary-color%22:%91%22quote_border_color%22%93}\u00a0\u00bb sticky_enabled=\u00a0\u00bb0&Prime;]Medias Klinikum GmbH &amp; Co. KG.<br \/>\nKrankenhausstra\u00dfe 3a<br \/>\n84489 Burghausen, Germany<br \/>\nPhone : +49 (0) 8677 \/ 9160 &#8211; 0<br \/>\nFax +49 (0) 8677 \/ 9160 &#8211; 120<br \/>\n<a href=\"mailto:info@medias-klinikum.de\">info@medias-klinikum.de<\/a><br \/>\n<a href=\"www.medias-klinikum.de\">www.medias-klinikum.de<\/a>[\/et_pb_text][et_pb_image src=\u00a0\u00bbhttp:\/\/s694535832.online.de\/wp-content\/uploads\/2025\/05\/divider-3blues.webp\u00a0\u00bb title_text=\u00a0\u00bbintercalaire-3bleus\u00a0\u00bb show_bottom_space=\u00a0\u00bboff\u00a0\u00bb align_tablet=\u00a0\u00bbcenter\u00a0\u00bb align_phone=\u00a0\u00bbcenter\u00a0\u00bb align_last_edited=\u00a0\u00bbon|tablet\u00a0\u00bb _builder_version=\u00a0\u00bb4.27.4&Prime; _module_preset=\u00a0\u00bbdefault\u00a0\u00bb max_width=\u00a0\u00bb143px\u00a0\u00bb custom_padding=\u00a0\u00bb20px||20px||true|false\u00a0\u00bb border_radii=\u00a0\u00bbon|0px|0px|0px|0px\u00a0\u00bb global_module=\u00a0\u00bb128&Prime; saved_tabs=\u00a0\u00bball\u00a0\u00bb global_colors_info=\u00a0\u00bb{}\u00a0\u00bb][\/et_pb_image][et_pb_image src=\u00a0\u00bbhttp:\/\/s694535832.online.de\/wp-content\/uploads\/2025\/05\/logo-iasios.webp\u00a0\u00bb title_text=\u00a0\u00bblogo-iasios\u00a0\u00bb align=\u00a0\u00bbcenter\u00a0\u00bb _builder_version=\u00a0\u00bb4.27.4&Prime; _module_preset=\u00a0\u00bbdefault\u00a0\u00bb width=\u00a0\u00bb220px\u00a0\u00bb custom_padding=\u00a0\u00bb10px||10px||true|false\u00a0\u00bb global_colors_info=\u00a0\u00bb{}\u00a0\u00bb][\/et_pb_image][et_pb_image src=\u00a0\u00bbhttp:\/\/s694535832.online.de\/wp-content\/uploads\/2025\/05\/logo-healNavigator2.webp\u00a0\u00bb title_text=\u00a0\u00bblogo-gu\u00e9risonNavigateur2&Prime; align=\u00a0\u00bbcenter\u00a0\u00bb _builder_version=\u00a0\u00bb4.27.4&Prime; _module_preset=\u00a0\u00bbdefault\u00a0\u00bb width=\u00a0\u00bb220px\u00a0\u00bb custom_padding=\u00a0\u00bb10px||10px||true|false\u00a0\u00bb global_colors_info=\u00a0\u00bb{}\u00a0\u00bb][\/et_pb_image][et_pb_image src=\u00a0\u00bbhttp:\/\/s694535832.online.de\/wp-content\/uploads\/2025\/05\/logo-primo_medico.webp\u00a0\u00bb title_text=\u00a0\u00bblogo-primo_medico\u00a0\u00bb align=\u00a0\u00bbcenter\u00a0\u00bb _builder_version=\u00a0\u00bb4.27.4&Prime; _module_preset=\u00a0\u00bbdefault\u00a0\u00bb width=\u00a0\u00bb220px\u00a0\u00bb custom_padding=\u00a0\u00bb10px||10px||true|false\u00a0\u00bb global_colors_info=\u00a0\u00bb{}\u00a0\u00bb][\/et_pb_image][et_pb_text _builder_version=\u00a0\u00bb4.27.4&Prime; _module_preset=\u00a0\u00bbdefault\u00a0\u00bb text_text_color=\u00a0\u00bb#666666&Prime; text_orientation=\u00a0\u00bbcenter\u00a0\u00bb custom_padding=\u00a0\u00bb5px||5px||true|false\u00a0\u00bb global_colors_info=\u00a0\u00bb{}\u00a0\u00bb]<\/p>\n<p><span>Oncologie<\/span><br \/><a title=\"Cancer Therapy Burghausen (Bavi\u00e8re) - Prof. Dr. med. Karl R. Aigner\" href=\"https:\/\/www.primomedico.com\/de\/spezialist\/prof-aigner-krebstherapie-burghausen\/\" target=\"_blank\" rel=\"noopener\">FR<\/a><span> <\/span><a title=\"Burghausen Cancer Therapy (Bavi\u00e8re) - Prof. Dr Karl R. Aigner\" href=\"https:\/\/www.primomedico.com\/en\/doctor\/prof-aigner-oncology-burghausen\/\" target=\"_blank\" rel=\"noopener\">EN<\/a><span> <\/span><a title=\"Th\u00e9rapie du cancer Burghausen (Bavi\u00e8re) - Prof. Dr m\u00e9d. Karl R. Aigner\" href=\"https:\/\/www.primomedico.com\/fr\/medecin\/prof-aigner-oncologie-burghausen\/\" target=\"_blank\" rel=\"noopener\">FR<\/a><span> <\/span><a title=\"\u041b\u0435\u0447\u0435\u043d\u0438\u0435 \u0440\u0430\u043a\u0430 \u0411\u0443\u0440\u0433\u0445\u0430\u0443\u0437\u0435\u043d (\u0411\u0430\u0432\u0430\u0440\u0438\u044f) - \u043f\u0440\u043e\u0444. \u0434-\u0440 \u043c\u0435\u0434. \u043d\u0430\u0443\u043a \u041a\u0430\u0440\u043b \u0420. \u0410\u0439\u0433\u043d\u0435\u0440\" href=\"https:\/\/www.primomedico.com\/ru\/vrach\/prof-aigner-onkologiia-burgkhauzen\/\" target=\"_blank\" rel=\"noopener\">RU<\/a><span> <\/span><a title=\"\u0639 \u0644\u0627\u062c \u0633\u0631\u0637 \u0627\u0646 \u064a \u0641 \u0628 \u0648\u0631\u063a \u0647\u0627\u0648\u0632\u0646 (\u0628 \u0627\u064a \u0631\u0646 .\u062f .\u0623 - ( \u0643 \u0627\u0631\u0644 .\u0631 \u0622\u064a \u0642 \u0646 \" href=\"https:\/\/www.primomedico.com\/ar\/tabib\/d-ayqnr-tb-lwrm-bwrghwzn\/\" target=\"_blank\" rel=\"noopener\">AR<\/a><\/p>\n<p>[\/et_pb_text][et_pb_image src=\u00a0\u00bbhttp:\/\/s694535832.online.de\/wp-content\/uploads\/2025\/05\/divider-3blues.webp\u00a0\u00bb title_text=\u00a0\u00bbintercalaire-3bleus\u00a0\u00bb show_bottom_space=\u00a0\u00bboff\u00a0\u00bb align_tablet=\u00a0\u00bbcenter\u00a0\u00bb align_phone=\u00a0\u00bbcenter\u00a0\u00bb align_last_edited=\u00a0\u00bbon|tablet\u00a0\u00bb _builder_version=\u00a0\u00bb4.27.4&Prime; _module_preset=\u00a0\u00bbdefault\u00a0\u00bb max_width=\u00a0\u00bb143px\u00a0\u00bb custom_padding=\u00a0\u00bb20px||20px||true|false\u00a0\u00bb border_radii=\u00a0\u00bbon|0px|0px|0px|0px\u00a0\u00bb global_module=\u00a0\u00bb128&Prime; saved_tabs=\u00a0\u00bball\u00a0\u00bb global_colors_info=\u00a0\u00bb{}\u00a0\u00bb][\/et_pb_image][et_pb_code admin_label=\u00a0\u00bbSe connecter \u00e0 Facebook\u00a0\u00bb _builder_version=\u00a0\u00bb4.27.4&Prime; _module_preset=\u00a0\u00bbdefault\u00a0\u00bb custom_padding=\u00a0\u00bb10px||10px||true|false\u00a0\u00bb text_orientation_tablet=\u00a0\u00bbcenter\u00a0\u00bb text_orientation_phone=\u00a0\u00bbcenter\u00a0\u00bb text_orientation_last_edited=\u00a0\u00bbon|tablet\u00a0\u00bb custom_css_free_form=\u00a0\u00bb@media all and (max-width: 980px) {||  selector {||  justify-items: center;||  }||}\u00a0\u00bb global_colors_info=\u00a0\u00bb{}\u00a0\u00bb]<button class=\"fb-placeholder-button j-fb-placeholder-button\"><span class=\"like-icon\"><\/span>Se connecter \u00e0 Facebook<\/button>[\/et_pb_code][et_pb_social_media_follow icon_color=\u00a0\u00bb#FFFFFF\u00a0\u00bb _builder_version=\u00a0\u00bb4.27.4&Prime; _module_preset=\u00a0\u00bbdefault\u00a0\u00bb text_orientation=\u00a0\u00bbcenter\u00a0\u00bb custom_padding=\u00a0\u00bb10px||10px||true|false\u00a0\u00bb border_radii=\u00a0\u00bbon|150px|150px|150px|150px\u00a0\u00bb global_colors_info=\u00a0\u00bb{}\u00a0\u00bb][et_pb_social_media_follow_network social_network=\u00a0\u00bbfacebook\u00a0\u00bb _builder_version=\u00a0\u00bb4.27.4&Prime; _module_preset=\u00a0\u00bbdefault\u00a0\u00bb background_color=\u00a0\u00bb#3b5998&Prime; follow_button=\u00a0\u00bboff\u00a0\u00bb url_new_window=\u00a0\u00bbon\u00a0\u00bb]facebook[\/et_pb_social_media_follow_network][et_pb_social_media_follow_network social_network=\u00a0\u00bblinkedin\u00a0\u00bb _builder_version=\u00a0\u00bb4.27.4&Prime; _module_preset=\u00a0\u00bbdefault\u00a0\u00bb background_color=\u00a0\u00bb#007bb6&Prime; follow_button=\u00a0\u00bboff\u00a0\u00bb url_new_window=\u00a0\u00bbon\u00a0\u00bb]linkedin[\/et_pb_social_media_follow_network][et_pb_social_media_follow_network social_network=\u00a0\u00bbxing\u00a0\u00bb _builder_version=\u00a0\u00bb4.27.4&Prime; _module_preset=\u00a0\u00bbdefault\u00a0\u00bb background_color=\u00a0\u00bb#026466&Prime; follow_button=\u00a0\u00bboff\u00a0\u00bb url_new_window=\u00a0\u00bbon\u00a0\u00bb]xing[\/et_pb_social_media_follow_network][\/et_pb_social_media_follow][\/et_pb_column][et_pb_column type=\u00a0\u00bb3_4&Prime; specialty_columns=\u00a0\u00bb3&Prime; _builder_version=\u00a0\u00bb4.16&Prime; custom_padding=\u00a0\u00bb|||\u00a0\u00bb global_colors_info=\u00a0\u00bb{}\u00a0\u00bb custom_padding__hover=\u00a0\u00bb|||\u00a0\u00bb][et_pb_row_inner _builder_version=\u00a0\u00bb4.27.4&Prime; _module_preset=\u00a0\u00bbdefault\u00a0\u00bb custom_padding=\u00a0\u00bb0px|||||\u00a0\u00bb global_colors_info=\u00a0\u00bb{}\u00a0\u00bb][et_pb_column_inner saved_specialty_column_type=\u00a0\u00bb3_4&Prime; _builder_version=\u00a0\u00bb4.27.4&Prime; _module_preset=\u00a0\u00bbdefault\u00a0\u00bb global_colors_info=\u00a0\u00bb{}\u00a0\u00bb][et_pb_video src=\u00a0\u00bbhttps:\/\/www.youtube.com\/watch?v=ecTuaIJ1dQI\u00a0\u00bb _builder_version=\u00a0\u00bb4.27.4&Prime; _module_preset=\u00a0\u00bbdefault\u00a0\u00bb custom_margin=\u00a0\u00bb||5%||false|false\u00a0\u00bb hover_enabled=\u00a0\u00bb0&Prime; global_colors_info=\u00a0\u00bb{}\u00a0\u00bb sticky_enabled=\u00a0\u00bb0&Prime;][\/et_pb_video][et_pb_text _builder_version=\u00a0\u00bb4.27.4&Prime; _module_preset=\u00a0\u00bbdefault\u00a0\u00bb global_colors_info=\u00a0\u00bb{}\u00a0\u00bb]<\/p>\n<div class=\"ql-block\" data-block-id=\"block-8c486b23-fa4b-462a-b9bb-85268fa831a7\">\n<p>Bienvenue \u00e0 Medias Klinikum, un h\u00f4pital sp\u00e9cialis\u00e9 dans le traitement du cancer. Nous proposons des services non chirurgicaux et chirurgicaux, ainsi que des chimioth\u00e9rapies r\u00e9gionales et cibl\u00e9es et des immunoth\u00e9rapies. Nous sommes sp\u00e9cialis\u00e9s dans la perfusion isol\u00e9e, une m\u00e9thode qui permet de traiter la zone locale d&rsquo;une tumeur avec de fortes doses de chimioth\u00e9rapie, con\u00e7ues pour tuer la tumeur, sans les effets secondaires habituels.  <\/p>\n<p>Nos traitements r\u00e9gionaux, isol\u00e9s et cibl\u00e9s contre le cancer sont con\u00e7us pour \u00eatre efficaces contre des cancers tels que le cancer du sein, de la t\u00eate et du cou, du foie, du c\u00f4lon et du rectum, de l&rsquo;anus, du col de l&rsquo;ut\u00e9rus et d&rsquo;autres carcinomes \u00e9pidermo\u00efdes, ainsi que le m\u00e9lanome.<\/p>\n<p>Situ\u00e9s pr\u00e8s de Munich, en Allemagne, nous proposons depuis plus de 20 ans une approche alternative \u00e0 la chimioth\u00e9rapie syst\u00e9mique traditionnelle, \u00e0 la radioth\u00e9rapie et \u00e0 la chirurgie. Notre PDG actuel, le Dr Karl Aigner, a \u00e9t\u00e9 le pionnier de la technologie qui permet de traiter efficacement les tumeurs et leurs zones environnantes, en les r\u00e9duisant et en les \u00e9liminant avec un traumatisme minimal, voire en les tuant compl\u00e8tement.  <\/p>\n<p>Nous savons qu&rsquo;il s&rsquo;agit d&rsquo;une p\u00e9riode d&rsquo;incertitude pour vous et nous sommes l\u00e0 pour r\u00e9pondre \u00e0 vos questions. Veuillez consulter notre site web principal pour plus d&rsquo;informations sur la mani\u00e8re dont nous pouvons vous aider dans le traitement de votre cancer et sur la mani\u00e8re de nous contacter.<\/p>\n<p>NB : Une fonction de traduction se trouve en bas \u00e0 droite de la page, ou vous pouvez utiliser la fonction de traduction de votre navigateur.<\/p>\n<\/div>\n<p>[\/et_pb_text][\/et_pb_column_inner][\/et_pb_row_inner][et_pb_row_inner _builder_version=\u00a0\u00bb4.27.4&Prime; _module_preset=\u00a0\u00bbdefault\u00a0\u00bb custom_padding=\u00a0\u00bb20px||20px||true|false\u00a0\u00bb global_colors_info=\u00a0\u00bb{}\u00a0\u00bb][et_pb_column_inner saved_specialty_column_type=\u00a0\u00bb3_4&Prime; _builder_version=\u00a0\u00bb4.27.4&Prime; _module_preset=\u00a0\u00bbdefault\u00a0\u00bb global_colors_info=\u00a0\u00bb{}\u00a0\u00bb][et_pb_button button_text=\u00a0\u00bbContactez nous\u00a0\u00bb button_alignment=\u00a0\u00bbcenter\u00a0\u00bb _builder_version=\u00a0\u00bb4.27.4&Prime; _module_preset=\u00a0\u00bbdefault\u00a0\u00bb custom_button=\u00a0\u00bboff\u00a0\u00bb global_colors_info=\u00a0\u00bb{}\u00a0\u00bb][\/et_pb_button][et_pb_divider disabled_on=\u00a0\u00bboff|off|on\u00a0\u00bb _builder_version=\u00a0\u00bb4.27.4&Prime; _module_preset=\u00a0\u00bbdefault\u00a0\u00bb background_color=\u00a0\u00bb#3a6084&Prime; module_alignment=\u00a0\u00bbcenter\u00a0\u00bb height=\u00a0\u00bb1px\u00a0\u00bb custom_margin=\u00a0\u00bb60px||40px||false|false\u00a0\u00bb global_colors_info=\u00a0\u00bb{}\u00a0\u00bb][\/et_pb_divider][\/et_pb_column_inner][\/et_pb_row_inner][\/et_pb_column][\/et_pb_section]<\/p>\n","protected":false},"excerpt":{"rendered":"<p>Vous avez des questions ou souhaitez prendre rendez-vous ? \u00c9crivez-nous ou appelez-nous. Medias Klinikum GmbH &amp; Co. KG. Krankenhausstra\u00dfe 3a 84489 Burghausen, Germany Phone : +49 (0) 8677 \/ 9160 &#8211; 0 Fax +49 (0) 8677 \/ 9160 &#8211; 120 info@medias-klinikum.de www.medias-klinikum.deOncologieFR EN FR RU AR Bienvenue \u00e0 Medias Klinikum, un h\u00f4pital sp\u00e9cialis\u00e9 dans le [&hellip;]<\/p>\n","protected":false},"author":1,"featured_media":0,"parent":0,"menu_order":0,"comment_status":"closed","ping_status":"closed","template":"","meta":{"_et_pb_use_builder":"on","_et_pb_old_content":"","_et_gb_content_width":"","footnotes":""},"class_list":["post-249","page","type-page","status-publish","hentry"],"_links":{"self":[{"href":"https:\/\/medias.clinic\/fr\/wp-json\/wp\/v2\/pages\/249","targetHints":{"allow":["GET"]}}],"collection":[{"href":"https:\/\/medias.clinic\/fr\/wp-json\/wp\/v2\/pages"}],"about":[{"href":"https:\/\/medias.clinic\/fr\/wp-json\/wp\/v2\/types\/page"}],"author":[{"embeddable":true,"href":"https:\/\/medias.clinic\/fr\/wp-json\/wp\/v2\/users\/1"}],"replies":[{"embeddable":true,"href":"https:\/\/medias.clinic\/fr\/wp-json\/wp\/v2\/comments?post=249"}],"version-history":[{"count":26,"href":"https:\/\/medias.clinic\/fr\/wp-json\/wp\/v2\/pages\/249\/revisions"}],"predecessor-version":[{"id":344,"href":"https:\/\/medias.clinic\/fr\/wp-json\/wp\/v2\/pages\/249\/revisions\/344"}],"wp:attachment":[{"href":"https:\/\/medias.clinic\/fr\/wp-json\/wp\/v2\/media?parent=249"}],"curies":[{"name":"wp","href":"https:\/\/api.w.org\/{rel}","templated":true}]}}