{"id":399,"date":"2025-05-28T16:59:19","date_gmt":"2025-05-28T16:59:19","guid":{"rendered":"https:\/\/en.medias-klinikum.de\/imprint\/"},"modified":"2025-05-28T17:12:03","modified_gmt":"2025-05-28T17:12:03","slug":"imprint","status":"publish","type":"page","link":"https:\/\/medias.clinic\/fr\/imprint\/","title":{"rendered":"Imprint"},"content":{"rendered":"\n<p><strong>Medias Klinikum GmbH &amp; Co. KG<\/strong><\/p>\n\n\n\n<p>Krankenhausstra\u00dfe 3a<br>D-84489 Burghausen<br>Phone : 08677 \/ 9160 &#8211; 0<br>Fax : 08677 \/ 9160 &#8211; 120<\/p>\n\n\n\n<p>e-mail : <a href=\"https:\/\/www.medias-klinikum.de\/home\/kontakt-anfahrt\/\">info@medias-klinikum.de<\/a><\/p>\n\n\n\n<p>Internet : www.medias-klinikum.de<\/p>\n\n\n\n<p><strong>Direction m\u00e9dicale :<\/strong> Prof. Karl Reinhard Aigner <\/p>\n\n\n\n<p><strong>Responsable de la s\u00e9curit\u00e9 des dispositifs m\u00e9dicaux :<\/strong><br>Verena Zeeb<br>mps@medias-klinikum.de<br><br><strong>Responsable de la s\u00e9curit\u00e9 :<\/strong><br>Erika P\u00fcschel<br>e.pueschel@medias-klinikum.de<br><br><strong>Responsable de la protection des donn\u00e9es :<\/strong><br>Siegfried Flo\u00dfmann<br>Responsable de la protection des donn\u00e9es (DSB-T\u00dcV)<br>Responsable certifi\u00e9 de la s\u00e9curit\u00e9 informatique<\/p>\n\n\n\n<p><br>Siegfried Flo\u00dfmann GmbH &amp; Co KG<br>M\u00fchlbachstra\u00dfe 48<br>8447 Emmerting<br>T\u00e9l\u00e9phone : +49 (0) 151 22331396<br>Fax : +49 (0) 8679 30235<br><a href=\"mailto:flossmann@sf-datenschutz.eu\">flossmann@sf-datenschutz.eu<\/a><\/p>\n\n\n\n<p><strong>Partenaire personnellement responsable :<\/strong> Medias Verwaltungs GmbH,<\/p>\n\n\n\n<p>Directeur g\u00e9n\u00e9ral Prof. Karl Reinhard Aigner, IK 260914414 <\/p>\n\n\n\n<p><strong>Tribunal d&rsquo;enregistrement :<\/strong> Tribunal d&rsquo;instance de Traunstein<\/p>\n\n\n\n<p><strong>Num\u00e9ro d&rsquo;enregistrement :<\/strong> HRA 9398<\/p>\n\n\n\n<p><strong>Clause de non-responsabilit\u00e9<\/strong><\/p>\n\n\n\n<p>Malgr\u00e9 un contr\u00f4le minutieux des contenus, nous n&rsquo;assumons aucune responsabilit\u00e9 pour les contenus des liens externes. Les exploitants des pages li\u00e9es sont seuls responsables du contenu de leurs pages. <\/p>\n\n\n\n<p><strong>Cr\u00e9dits photos<\/strong><\/p>\n\n\n\n<p>Les images utilis\u00e9es sur le site web du Medias Klinikum proviennent principalement de notre propre base de donn\u00e9es d&rsquo;images ainsi que de la base de donn\u00e9es d&rsquo;images publiques d&rsquo;istockphoto.com. Le t\u00e9l\u00e9chargement et l&rsquo;utilisation des images sont interdits. <\/p>\n\n\n\n<ul class=\"wp-block-list\">\n<li>Stock photo ID:913394714 \u00a9 istockphoto.com<\/li>\n\n\n\n<li>Stock Photography ID:916628448 \u00a9 istockphoto.com<\/li>\n\n\n\n<li>Stock photo ID:137008698 \u00a9 istockphoto.com<\/li>\n<\/ul>\n","protected":false},"excerpt":{"rendered":"<p>Medias Klinikum GmbH &amp; Co. KG Krankenhausstra\u00dfe 3aD-84489 BurghausenPhone : 08677 \/ 9160 &#8211; 0Fax : 08677 \/ 9160 &#8211; 120 e-mail : info@medias-klinikum.de Internet : www.medias-klinikum.de Direction m\u00e9dicale : Prof. Karl Reinhard Aigner Responsable de la s\u00e9curit\u00e9 des dispositifs m\u00e9dicaux :Verena Zeebmps@medias-klinikum.de Responsable de la s\u00e9curit\u00e9 :Erika P\u00fcschele.pueschel@medias-klinikum.de Responsable de la protection des donn\u00e9es [&hellip;]<\/p>\n","protected":false},"author":1,"featured_media":0,"parent":0,"menu_order":0,"comment_status":"closed","ping_status":"closed","template":"","meta":{"_et_pb_use_builder":"off","_et_pb_old_content":"","_et_gb_content_width":"","footnotes":""},"class_list":["post-399","page","type-page","status-publish","hentry"],"_links":{"self":[{"href":"https:\/\/medias.clinic\/fr\/wp-json\/wp\/v2\/pages\/399","targetHints":{"allow":["GET"]}}],"collection":[{"href":"https:\/\/medias.clinic\/fr\/wp-json\/wp\/v2\/pages"}],"about":[{"href":"https:\/\/medias.clinic\/fr\/wp-json\/wp\/v2\/types\/page"}],"author":[{"embeddable":true,"href":"https:\/\/medias.clinic\/fr\/wp-json\/wp\/v2\/users\/1"}],"replies":[{"embeddable":true,"href":"https:\/\/medias.clinic\/fr\/wp-json\/wp\/v2\/comments?post=399"}],"version-history":[{"count":4,"href":"https:\/\/medias.clinic\/fr\/wp-json\/wp\/v2\/pages\/399\/revisions"}],"predecessor-version":[{"id":415,"href":"https:\/\/medias.clinic\/fr\/wp-json\/wp\/v2\/pages\/399\/revisions\/415"}],"wp:attachment":[{"href":"https:\/\/medias.clinic\/fr\/wp-json\/wp\/v2\/media?parent=399"}],"curies":[{"name":"wp","href":"https:\/\/api.w.org\/{rel}","templated":true}]}}